{"id":35,"date":"2025-06-07T09:45:09","date_gmt":"2025-06-07T07:45:09","guid":{"rendered":"http:\/\/niziointerior.pl\/?page_id=35"},"modified":"2025-11-19T05:48:36","modified_gmt":"2025-11-19T04:48:36","slug":"kontakt","status":"publish","type":"page","link":"https:\/\/niziointerior.pl\/en\/kontakt\/","title":{"rendered":"Contact"},"content":{"rendered":"<div class=\"wp-block-group alignfull has-contrast-background-color has-background has-global-padding is-layout-constrained wp-container-core-group-is-layout-80061d7a wp-block-group-is-layout-constrained\" style=\"margin-top:0;margin-bottom:0;padding-top:var(--wp--preset--spacing--50);padding-right:var(--wp--preset--spacing--50);padding-bottom:var(--wp--preset--spacing--50);padding-left:var(--wp--preset--spacing--50)\">\n<div class=\"wp-block-group has-global-padding is-layout-constrained wp-container-core-group-is-layout-650790e1 wp-block-group-is-layout-constrained\"><\/div>\n\n\n\n<div class=\"wp-block-columns is-layout-flex wp-container-core-columns-is-layout-cbe57604 wp-block-columns-is-layout-flex\">\n<div class=\"wp-block-column blue-link is-layout-flow wp-container-core-column-is-layout-040789e5 wp-block-column-is-layout-flow\" style=\"padding-right:0;padding-left:0\" data-aos=\"fade-up\" data-aos-duration=\"1450\">\n<h3 class=\"wp-block-heading has-base-color has-text-color has-link-color wp-elements-531085010d7bb24313d3a241f45af181\">Contact<\/h3>\n\n\n\n<p class=\"has-base-color has-text-color has-link-color wp-elements-73bd20605ea26ed2eb3170c04912c5ab\">If you would like to work with us, please write to:&nbsp;<a href=\"mailto:studio@nizio.com.pl\">studio@nizio.com.pl<\/a><\/p>\n\n\n\n<p class=\"has-base-color has-text-color has-link-color wp-elements-bc04f40e5413acc527b52c860007407a\">If you would like to join the Nizio Design International team, please write to:&nbsp;<a href=\"mailto:rekrutacja@nizio.com.pl\">rekrutacja@nizio.com.pl<\/a><\/p>\n\n\n\n<p class=\"has-base-color has-text-color has-link-color wp-elements-8e6b13bb1b7c6694aebcfd87d61e5199\">Press contact:&nbsp;<a href=\"mailto:press@nizio.com.pl\">press@nizio.com.pl<\/a><br>mobile:+48 602-863-485<\/p>\n\n\n\n<p class=\"has-base-color has-text-color has-link-color wp-elements-6a563707bc7cb3b8d0874fb1eb95c3c0\"><strong>Nizio Interior<\/strong><\/p>\n\n\n\n<p class=\"has-base-color has-text-color has-link-color wp-elements-e34c0ffce4d328c45be8ee115867b837\">In\u017cynierska Street 3 apt. 6<br>03-410 Warsaw<br>phone: 22 618 72 02<br>mobile: +48 604 483 945<\/p>\n\n\n\n<p class=\"has-base-color has-text-color has-link-color wp-elements-b63b79672291ffa9eac22d89217bed62\">Our studio is a team of designers with various specialisations \u2013 from building architecture, through exhibition and interior architects, to graphic artists, historians, technical and content consultants and multimedia specialists. The firm comprises independent teams led by certified architects and engineers. The group of specialists in in charge of project management, cost analysis as well as quality control of delivered products.<\/p>\n<\/div>\n\n\n\n<div class=\"wp-block-column is-layout-flow wp-block-column-is-layout-flow\" data-aos=\"fade\" data-aos-duration=\"1450\">\n<figure class=\"wp-block-image size-large sticky-meow\"><img loading=\"lazy\" decoding=\"async\" width=\"1024\" height=\"752\" src=\"http:\/\/niziointerior.pl\/wp-content\/uploads\/2025\/06\/mapka_www3-02-2048x1504-1-1024x752.png\" alt=\"\" class=\"wp-image-220\" srcset=\"https:\/\/niziointerior.pl\/wp-content\/uploads\/2025\/06\/mapka_www3-02-2048x1504-1-1024x752.png 1024w, https:\/\/niziointerior.pl\/wp-content\/uploads\/2025\/06\/mapka_www3-02-2048x1504-1-300x220.png 300w, https:\/\/niziointerior.pl\/wp-content\/uploads\/2025\/06\/mapka_www3-02-2048x1504-1-768x564.png 768w, https:\/\/niziointerior.pl\/wp-content\/uploads\/2025\/06\/mapka_www3-02-2048x1504-1-1536x1128.png 1536w, https:\/\/niziointerior.pl\/wp-content\/uploads\/2025\/06\/mapka_www3-02-2048x1504-1.png 2048w\" sizes=\"auto, (max-width: 1024px) 100vw, 1024px\" \/><\/figure>\n<\/div>\n<\/div>\n<\/div>","protected":false},"excerpt":{"rendered":"<p>Kontakt Je\u015bli chcesz z nami wsp\u00f3\u0142pracowa\u0107, napisz na:&nbsp;studio@nizio.com.pl Je\u015bli chcesz do\u0142\u0105czy\u0107 do zespo\u0142u Nizio Design International, napisz na:&nbsp;rekrutacja@nizio.com.pl Kontakt dla prasy:&nbsp;press@nizio.com.plkom:+48 602-863-485 Nizio Interior ul. In\u017cynierska 3 lok. 603-410 Warszawatel.: 22 618 72 02kom: +48 604 483 945 Pracownia Nizio Design International mie\u015bci si\u0119 w zabytkowej kamienicy na warszawskiej Pradze-P\u00f3\u0142noc. Wn\u0119trza budynku dawnych dom\u00f3w sk\u0142adowych [&hellip;]<\/p>","protected":false},"author":1,"featured_media":0,"parent":0,"menu_order":0,"comment_status":"closed","ping_status":"closed","template":"","meta":{"footnotes":""},"class_list":["post-35","page","type-page","status-publish","hentry"],"yoast_head":"<!-- This site is optimized with the Yoast SEO plugin v26.4 - https:\/\/yoast.com\/wordpress\/plugins\/seo\/ -->\n<title>Kontakt - Nizio Interior<\/title>\n<meta name=\"robots\" content=\"index, follow, max-snippet:-1, max-image-preview:large, max-video-preview:-1\" \/>\n<link rel=\"canonical\" href=\"https:\/\/niziointerior.pl\/en\/kontakt\/\" \/>\n<meta property=\"og:locale\" content=\"en_GB\" \/>\n<meta property=\"og:type\" content=\"article\" \/>\n<meta property=\"og:title\" content=\"Kontakt - Nizio Interior\" \/>\n<meta property=\"og:description\" content=\"Kontakt Je\u015bli chcesz z nami wsp\u00f3\u0142pracowa\u0107, napisz na:&nbsp;studio@nizio.com.pl Je\u015bli chcesz do\u0142\u0105czy\u0107 do zespo\u0142u Nizio Design International, napisz na:&nbsp;rekrutacja@nizio.com.pl Kontakt dla prasy:&nbsp;press@nizio.com.plkom:+48 602-863-485 Nizio Interior ul. In\u017cynierska 3 lok. 603-410 Warszawatel.: 22 618 72 02kom: +48 604 483 945 Pracownia Nizio Design International mie\u015bci si\u0119 w zabytkowej kamienicy na warszawskiej Pradze-P\u00f3\u0142noc. Wn\u0119trza budynku dawnych dom\u00f3w sk\u0142adowych [&hellip;]\" \/>\n<meta property=\"og:url\" content=\"https:\/\/niziointerior.pl\/en\/kontakt\/\" \/>\n<meta property=\"og:site_name\" content=\"Nizio Interior\" \/>\n<meta property=\"article:modified_time\" content=\"2025-11-19T04:48:36+00:00\" \/>\n<meta property=\"og:image\" content=\"http:\/\/niziointerior.pl\/wp-content\/uploads\/2025\/06\/mapka_www3-02-2048x1504-1-1024x752.png\" \/>\n<meta name=\"twitter:card\" content=\"summary_large_image\" \/>\n<meta name=\"twitter:label1\" content=\"Estimated reading time\" \/>\n\t<meta name=\"twitter:data1\" content=\"1 minute\" \/>\n<script type=\"application\/ld+json\" class=\"yoast-schema-graph\">{\"@context\":\"https:\/\/schema.org\",\"@graph\":[{\"@type\":\"WebPage\",\"@id\":\"https:\/\/niziointerior.pl\/kontakt\/\",\"url\":\"https:\/\/niziointerior.pl\/kontakt\/\",\"name\":\"Kontakt - Nizio Interior\",\"isPartOf\":{\"@id\":\"https:\/\/niziointerior.pl\/#website\"},\"primaryImageOfPage\":{\"@id\":\"https:\/\/niziointerior.pl\/kontakt\/#primaryimage\"},\"image\":{\"@id\":\"https:\/\/niziointerior.pl\/kontakt\/#primaryimage\"},\"thumbnailUrl\":\"http:\/\/niziointerior.pl\/wp-content\/uploads\/2025\/06\/mapka_www3-02-2048x1504-1-1024x752.png\",\"datePublished\":\"2025-06-07T07:45:09+00:00\",\"dateModified\":\"2025-11-19T04:48:36+00:00\",\"breadcrumb\":{\"@id\":\"https:\/\/niziointerior.pl\/kontakt\/#breadcrumb\"},\"inLanguage\":\"en-GB\",\"potentialAction\":[{\"@type\":\"ReadAction\",\"target\":[\"https:\/\/niziointerior.pl\/kontakt\/\"]}]},{\"@type\":\"ImageObject\",\"inLanguage\":\"en-GB\",\"@id\":\"https:\/\/niziointerior.pl\/kontakt\/#primaryimage\",\"url\":\"http:\/\/niziointerior.pl\/wp-content\/uploads\/2025\/06\/mapka_www3-02-2048x1504-1-1024x752.png\",\"contentUrl\":\"http:\/\/niziointerior.pl\/wp-content\/uploads\/2025\/06\/mapka_www3-02-2048x1504-1-1024x752.png\"},{\"@type\":\"BreadcrumbList\",\"@id\":\"https:\/\/niziointerior.pl\/kontakt\/#breadcrumb\",\"itemListElement\":[{\"@type\":\"ListItem\",\"position\":1,\"name\":\"Strona g\u0142\u00f3wna\",\"item\":\"https:\/\/niziointerior.pl\/\"},{\"@type\":\"ListItem\",\"position\":2,\"name\":\"Kontakt\"}]},{\"@type\":\"WebSite\",\"@id\":\"https:\/\/niziointerior.pl\/#website\",\"url\":\"https:\/\/niziointerior.pl\/\",\"name\":\"Nizio Interior\",\"description\":\"\",\"publisher\":{\"@id\":\"https:\/\/niziointerior.pl\/#organization\"},\"potentialAction\":[{\"@type\":\"SearchAction\",\"target\":{\"@type\":\"EntryPoint\",\"urlTemplate\":\"https:\/\/niziointerior.pl\/?s={search_term_string}\"},\"query-input\":{\"@type\":\"PropertyValueSpecification\",\"valueRequired\":true,\"valueName\":\"search_term_string\"}}],\"inLanguage\":\"en-GB\"},{\"@type\":\"Organization\",\"@id\":\"https:\/\/niziointerior.pl\/#organization\",\"name\":\"Nizio Interior\",\"url\":\"https:\/\/niziointerior.pl\/\",\"logo\":{\"@type\":\"ImageObject\",\"inLanguage\":\"en-GB\",\"@id\":\"https:\/\/niziointerior.pl\/#\/schema\/logo\/image\/\",\"url\":\"https:\/\/niziointerior.pl\/wp-content\/uploads\/2025\/06\/Vector1.png\",\"contentUrl\":\"https:\/\/niziointerior.pl\/wp-content\/uploads\/2025\/06\/Vector1.png\",\"width\":512,\"height\":815,\"caption\":\"Nizio Interior\"},\"image\":{\"@id\":\"https:\/\/niziointerior.pl\/#\/schema\/logo\/image\/\"}}]}<\/script>\n<!-- \/ Yoast SEO plugin. -->","yoast_head_json":{"title":"Kontakt - Nizio Interior","robots":{"index":"index","follow":"follow","max-snippet":"max-snippet:-1","max-image-preview":"max-image-preview:large","max-video-preview":"max-video-preview:-1"},"canonical":"https:\/\/niziointerior.pl\/en\/kontakt\/","og_locale":"en_GB","og_type":"article","og_title":"Kontakt - Nizio Interior","og_description":"Kontakt Je\u015bli chcesz z nami wsp\u00f3\u0142pracowa\u0107, napisz na:&nbsp;studio@nizio.com.pl Je\u015bli chcesz do\u0142\u0105czy\u0107 do zespo\u0142u Nizio Design International, napisz na:&nbsp;rekrutacja@nizio.com.pl Kontakt dla prasy:&nbsp;press@nizio.com.plkom:+48 602-863-485 Nizio Interior ul. In\u017cynierska 3 lok. 603-410 Warszawatel.: 22 618 72 02kom: +48 604 483 945 Pracownia Nizio Design International mie\u015bci si\u0119 w zabytkowej kamienicy na warszawskiej Pradze-P\u00f3\u0142noc. Wn\u0119trza budynku dawnych dom\u00f3w sk\u0142adowych [&hellip;]","og_url":"https:\/\/niziointerior.pl\/en\/kontakt\/","og_site_name":"Nizio Interior","article_modified_time":"2025-11-19T04:48:36+00:00","og_image":[{"url":"http:\/\/niziointerior.pl\/wp-content\/uploads\/2025\/06\/mapka_www3-02-2048x1504-1-1024x752.png","type":"","width":"","height":""}],"twitter_card":"summary_large_image","twitter_misc":{"Estimated reading time":"1 minute"},"schema":{"@context":"https:\/\/schema.org","@graph":[{"@type":"WebPage","@id":"https:\/\/niziointerior.pl\/kontakt\/","url":"https:\/\/niziointerior.pl\/kontakt\/","name":"Kontakt - Nizio Interior","isPartOf":{"@id":"https:\/\/niziointerior.pl\/#website"},"primaryImageOfPage":{"@id":"https:\/\/niziointerior.pl\/kontakt\/#primaryimage"},"image":{"@id":"https:\/\/niziointerior.pl\/kontakt\/#primaryimage"},"thumbnailUrl":"http:\/\/niziointerior.pl\/wp-content\/uploads\/2025\/06\/mapka_www3-02-2048x1504-1-1024x752.png","datePublished":"2025-06-07T07:45:09+00:00","dateModified":"2025-11-19T04:48:36+00:00","breadcrumb":{"@id":"https:\/\/niziointerior.pl\/kontakt\/#breadcrumb"},"inLanguage":"en-GB","potentialAction":[{"@type":"ReadAction","target":["https:\/\/niziointerior.pl\/kontakt\/"]}]},{"@type":"ImageObject","inLanguage":"en-GB","@id":"https:\/\/niziointerior.pl\/kontakt\/#primaryimage","url":"http:\/\/niziointerior.pl\/wp-content\/uploads\/2025\/06\/mapka_www3-02-2048x1504-1-1024x752.png","contentUrl":"http:\/\/niziointerior.pl\/wp-content\/uploads\/2025\/06\/mapka_www3-02-2048x1504-1-1024x752.png"},{"@type":"BreadcrumbList","@id":"https:\/\/niziointerior.pl\/kontakt\/#breadcrumb","itemListElement":[{"@type":"ListItem","position":1,"name":"Strona g\u0142\u00f3wna","item":"https:\/\/niziointerior.pl\/"},{"@type":"ListItem","position":2,"name":"Kontakt"}]},{"@type":"WebSite","@id":"https:\/\/niziointerior.pl\/#website","url":"https:\/\/niziointerior.pl\/","name":"Nizio Interior","description":"","publisher":{"@id":"https:\/\/niziointerior.pl\/#organization"},"potentialAction":[{"@type":"SearchAction","target":{"@type":"EntryPoint","urlTemplate":"https:\/\/niziointerior.pl\/?s={search_term_string}"},"query-input":{"@type":"PropertyValueSpecification","valueRequired":true,"valueName":"search_term_string"}}],"inLanguage":"en-GB"},{"@type":"Organization","@id":"https:\/\/niziointerior.pl\/#organization","name":"Nizio Interior","url":"https:\/\/niziointerior.pl\/","logo":{"@type":"ImageObject","inLanguage":"en-GB","@id":"https:\/\/niziointerior.pl\/#\/schema\/logo\/image\/","url":"https:\/\/niziointerior.pl\/wp-content\/uploads\/2025\/06\/Vector1.png","contentUrl":"https:\/\/niziointerior.pl\/wp-content\/uploads\/2025\/06\/Vector1.png","width":512,"height":815,"caption":"Nizio Interior"},"image":{"@id":"https:\/\/niziointerior.pl\/#\/schema\/logo\/image\/"}}]}},"_links":{"self":[{"href":"https:\/\/niziointerior.pl\/en\/wp-json\/wp\/v2\/pages\/35","targetHints":{"allow":["GET"]}}],"collection":[{"href":"https:\/\/niziointerior.pl\/en\/wp-json\/wp\/v2\/pages"}],"about":[{"href":"https:\/\/niziointerior.pl\/en\/wp-json\/wp\/v2\/types\/page"}],"author":[{"embeddable":true,"href":"https:\/\/niziointerior.pl\/en\/wp-json\/wp\/v2\/users\/1"}],"replies":[{"embeddable":true,"href":"https:\/\/niziointerior.pl\/en\/wp-json\/wp\/v2\/comments?post=35"}],"version-history":[{"count":20,"href":"https:\/\/niziointerior.pl\/en\/wp-json\/wp\/v2\/pages\/35\/revisions"}],"predecessor-version":[{"id":1012,"href":"https:\/\/niziointerior.pl\/en\/wp-json\/wp\/v2\/pages\/35\/revisions\/1012"}],"wp:attachment":[{"href":"https:\/\/niziointerior.pl\/en\/wp-json\/wp\/v2\/media?parent=35"}],"curies":[{"name":"wp","href":"https:\/\/api.w.org\/{rel}","templated":true}]}}